{"id":12,"date":"2013-10-08T20:17:26","date_gmt":"2013-10-08T20:17:26","guid":{"rendered":"http:\/\/www.nourishfreedom.com\/?page_id=12"},"modified":"2019-04-08T15:17:35","modified_gmt":"2019-04-08T20:17:35","slug":"home","status":"publish","type":"page","link":"https:\/\/nourishfreedominfo.com\/es\/","title":{"rendered":"INICIO"},"content":{"rendered":"<p><img loading=\"lazy\" decoding=\"async\" src=\"http:\/\/www.nourishfreedominfo.com\/wp-content\/uploads\/2013\/10\/Our-Mission-es.png\" alt=\"nuestra mision\" width=\"450\" height=\"200\" class=\"alignleft size-full wp-image-417\" srcset=\"https:\/\/nourishfreedominfo.com\/wp-content\/uploads\/2013\/10\/Our-Mission-es.png 450w, https:\/\/nourishfreedominfo.com\/wp-content\/uploads\/2013\/10\/Our-Mission-es-300x133.png 300w\" sizes=\"auto, (max-width: 450px) 100vw, 450px\" \/><span style=\"font-family: 'solomon_normal-webfont',sans-serif; line-height: 250%;\"><span style=\"font-size: 1.8em; color: #000;\">Estamos aqu\u00ed para ayudarte a cumplir tus sue\u00f1os.<\/span><br \/>\n<span style=\"font-size: 3.2em; color: #099948;\">Con prop\u00f3sito,<\/span> <span style=\"font-size: 3em; color: #0057bd;\">con visi\u00f3n.<\/span><br \/>\n<span style=\"font-size: 1.2em;\">Tenemos las herramientas que necesitas para activar un cambio duradero.<\/span><br \/>\n<span style=\"font-size: 1.4em;\">Pasos y medidas de acci\u00f3n pr\u00e1cticas que <span style=\"color: #099948;\">nutrir\u00e1n <\/span> tu <span style=\"color: #0057bd;\">libertad<\/span>.<\/span><br \/>\n<span style=\"font-size: 1.8em; color: #000;\">\u00bfEst\u00e1s listo para prosperar?<\/span> <span style=\"font-size: 1.8em; color: #ff6600;\"><a href=\"http:\/\/www.nourishfreedominfo.com\/get-started\/\">M\u00c1S INFORMACI\u00d3N<\/a><\/span><br \/>\n<\/span><\/p>\n<p>&nbsp;<\/p>\n<table class=\"fourfocus\">\n<tbody>\n<tr>\n<td><a href=\"http:\/\/www.nourishfreedominfo.com\/es\/works\/\"><img decoding=\"async\" src=\"http:\/\/www.nourishfreedominfo.com\/wp-content\/uploads\/2013\/10\/How-it-works-es1.png\" alt=\"c\u00f3mo funciona\" class=\"alignleft\" \/><\/a> <a href=\"http:\/\/www.nourishfreedominfo.com\/get-started\/\"><img loading=\"lazy\" decoding=\"async\" src=\"http:\/\/www.nourishfreedominfo.com\/wp-content\/uploads\/2013\/10\/Get-Started-es1.png\" alt=\"Get Started\" width=\"720\" height=\"230\" class=\"alignright size-full wp-image-762\" srcset=\"https:\/\/nourishfreedominfo.com\/wp-content\/uploads\/2013\/10\/Get-Started-es1.png 720w, https:\/\/nourishfreedominfo.com\/wp-content\/uploads\/2013\/10\/Get-Started-es1-300x95.png 300w\" sizes=\"auto, (max-width: 720px) 100vw, 720px\" \/><\/a><\/td>\n<\/tr>\n<\/tbody>\n<\/table>\n<p><\/p>","protected":false},"excerpt":{"rendered":"<p>Estamos aqu\u00ed para ayudarte a cumplir tus sue\u00f1os. Con prop\u00f3sito, con visi\u00f3n. Tenemos las herramientas que necesitas para activar un cambio duradero. Pasos y medidas de acci\u00f3n pr\u00e1cticas que nutrir\u00e1n tu libertad. \u00bfEst\u00e1s listo para prosperar? M\u00c1S INFORMACI\u00d3N &nbsp;<\/p>\n","protected":false},"author":1,"featured_media":0,"parent":0,"menu_order":0,"comment_status":"closed","ping_status":"closed","template":"","meta":{"_exactmetrics_skip_tracking":false,"_exactmetrics_sitenote_active":false,"_exactmetrics_sitenote_note":"","_exactmetrics_sitenote_category":0,"footnotes":""},"class_list":["post-12","page","type-page","status-publish","hentry"],"_links":{"self":[{"href":"https:\/\/nourishfreedominfo.com\/es\/wp-json\/wp\/v2\/pages\/12","targetHints":{"allow":["GET"]}}],"collection":[{"href":"https:\/\/nourishfreedominfo.com\/es\/wp-json\/wp\/v2\/pages"}],"about":[{"href":"https:\/\/nourishfreedominfo.com\/es\/wp-json\/wp\/v2\/types\/page"}],"author":[{"embeddable":true,"href":"https:\/\/nourishfreedominfo.com\/es\/wp-json\/wp\/v2\/users\/1"}],"replies":[{"embeddable":true,"href":"https:\/\/nourishfreedominfo.com\/es\/wp-json\/wp\/v2\/comments?post=12"}],"version-history":[{"count":7,"href":"https:\/\/nourishfreedominfo.com\/es\/wp-json\/wp\/v2\/pages\/12\/revisions"}],"predecessor-version":[{"id":992,"href":"https:\/\/nourishfreedominfo.com\/es\/wp-json\/wp\/v2\/pages\/12\/revisions\/992"}],"wp:attachment":[{"href":"https:\/\/nourishfreedominfo.com\/es\/wp-json\/wp\/v2\/media?parent=12"}],"curies":[{"name":"wp","href":"https:\/\/api.w.org\/{rel}","templated":true}]}}